{"id":1405,"date":"2025-04-16T17:34:35","date_gmt":"2025-04-16T17:34:35","guid":{"rendered":"https:\/\/amefambc.com.mx\/2025\/?page_id=1405"},"modified":"2025-06-10T22:24:24","modified_gmt":"2025-06-10T22:24:24","slug":"consejo-2023-2025","status":"publish","type":"page","link":"https:\/\/amefambc.com.mx\/2025\/consejo-2023-2025\/","title":{"rendered":"Consejo Directivo 2023-2025"},"content":{"rendered":"\t\t<div data-elementor-type=\"wp-page\" data-elementor-id=\"1405\" class=\"elementor elementor-1405\" data-elementor-post-type=\"page\">\n\t\t\t\t\t\t<section class=\"elementor-section elementor-top-section elementor-element elementor-element-938f7be elementor-section-height-min-height elementor-section-boxed elementor-section-height-default elementor-section-items-middle\" data-id=\"938f7be\" data-element_type=\"section\" data-e-type=\"section\" data-settings=\"{&quot;background_background&quot;:&quot;classic&quot;}\">\n\t\t\t\t\t\t\t<div class=\"elementor-background-overlay\"><\/div>\n\t\t\t\t\t\t\t<div class=\"elementor-container elementor-column-gap-default\">\n\t\t\t\t\t<div class=\"elementor-column elementor-col-100 elementor-top-column elementor-element elementor-element-0b7eb12\" data-id=\"0b7eb12\" data-element_type=\"column\" data-e-type=\"column\">\n\t\t\t<div class=\"elementor-widget-wrap elementor-element-populated\">\n\t\t\t\t\t\t<div class=\"elementor-element elementor-element-2094709 elementor-widget elementor-widget-heading\" data-id=\"2094709\" data-element_type=\"widget\" data-e-type=\"widget\" data-widget_type=\"heading.default\">\n\t\t\t\t<div class=\"elementor-widget-container\">\n\t\t\t\t\t<h1 class=\"elementor-heading-title elementor-size-default\">Consejo Directivo 2023-2025<\/h1>\t\t\t\t<\/div>\n\t\t\t\t<\/div>\n\t\t\t\t\t<\/div>\n\t\t<\/div>\n\t\t\t\t\t<\/div>\n\t\t<\/section>\n\t\t\t\t<section class=\"elementor-section elementor-top-section elementor-element elementor-element-350042d4 elementor-section-boxed elementor-section-height-default elementor-section-height-default\" data-id=\"350042d4\" data-element_type=\"section\" data-e-type=\"section\">\n\t\t\t\t\t\t<div class=\"elementor-container elementor-column-gap-default\">\n\t\t\t\t\t<div class=\"elementor-column elementor-col-100 elementor-top-column elementor-element elementor-element-39da5098\" data-id=\"39da5098\" data-element_type=\"column\" data-e-type=\"column\">\n\t\t\t<div class=\"elementor-widget-wrap elementor-element-populated\">\n\t\t\t\t\t\t<div class=\"elementor-element elementor-element-6acd20e0 elementor-widget elementor-widget-text-editor\" data-id=\"6acd20e0\" data-element_type=\"widget\" data-e-type=\"widget\" data-widget_type=\"text-editor.default\">\n\t\t\t\t<div class=\"elementor-widget-container\">\n\t\t\t\t\t\t\t\t\t<p><!-- \/wp:heading --><!-- wp:paragraph --><\/p>\n<p>Toma de protesta bienio\u00a0<strong>2023-2025<\/strong>, honrados con la presencia del\u00a0\u00a0<strong>Dr. Javier Alberto Dominguez Del Olmo<\/strong>, fundador del\u00a0<em>Colegio Mexicano de Medicina Familiar<\/em>\u00a0(actualmente\u00a0<em>Federaci\u00f3n de Residentes y Especialistas en Medicina Familiar<\/em>\u00a0), fundador y presidente del\u00a0<em>Consejo Mexicano de Certificacion en Medicina Familiar<\/em>, instituy\u00f3 el d\u00eda del M\u00e9dico Familiar 19 de mayo 2010 en el\u00a0<strong>Congreso WONCA<\/strong>\u00a0en Canc\u00fan MEXICO, con un curr\u00edculum amplio en la Medicina Familiar a nivel Nacional, Iberoam\u00e9rica y Mundial, quien le tom\u00f3 protesta al comit\u00e9 directivo entrante.<\/p>\n<p><!-- \/wp:paragraph --><!-- wp:paragraph --><\/p>\n<p>Se conto con la presencia del Presidente de<a href=\"https:\/\/www.google.com.mx\/url?sa=t&amp;rct=j&amp;q=&amp;esrc=s&amp;source=web&amp;cd=&amp;ved=2ahUKEwj8yfKCs6aAAxW4KEQIHQauAbQQFnoECBMQAQ&amp;url=https%3A%2F%2Fwww.mhcluster.org%2Ftag%2Ftijuana%2F&amp;usg=AOvVaw1nG6pKFQPUo3H_GKwEHtbw&amp;opi=89978449\" target=\"_blank\" rel=\"noreferrer noopener\">\u00a0Medical Health Cluster y Presidente del Colegio Medico de Tijuana.<\/a><\/p>\n<p><!-- \/wp:paragraph --><!-- wp:paragraph --><\/p>\n<p><em>Enhorabuena!!<\/em><\/p>\n<p>\u00a0<\/p>\n<p><!-- \/wp:paragraph --><!-- wp:paragraph --><\/p>\n<p><strong>Presidente \u00a0<\/strong>\u00a0Dr. Antonio Villanueva Santillan<br \/><strong>Vicepresidente\u00a0<\/strong>\u00a0Dr. Rolando C\u00e1rdenas San Mart\u00edn Mart\u00ednez<br \/><strong>Tesorero\u00a0\u00a0\u00a0\u00a0<\/strong>Dra. Mitzy Gabriela Rojas Negrete<br \/><strong>Secretario 1.<\/strong>\u00a0\u00a0 Dra. Ana Gloria Ocegueda Cardoso<br \/><strong>Secretario 2.<\/strong>\u00a0\u00a0 Dra. Carolina Cajero V\u00e1zquez<\/p>\n<p><!-- \/wp:paragraph --><!-- wp:heading --><\/p>\n<h2>Junta Directiva<\/h2>\n<p><!-- \/wp:heading --><!-- wp:paragraph --><\/p>\n<ul>\n<li>Educaci\u00f3n Medica Continua. Dra. Patricia Elena Meza Luna<\/li>\n<li>Investigaci\u00f3n\u00a0 Dra. Abril Hernandez<\/li>\n<li>Certificaci\u00f3n y Vigencia de Certificaci\u00f3n.\u00a0 Dr. Juan Alejandro Thomas Moreno<\/li>\n<li>Coordinaci\u00f3n Asistencial.\u00a0 Dr. Yamileth Perez Balderas<\/li>\n<li>Relaciones Publica y Deporte.\u00a0 Dr. Cesar Augusto CruzGaspar<\/li>\n<li>Coordinaci\u00f3n Congreso\u00a0 Dra. Ilse Analia Chavez Aguayo<\/li>\n<li>Innovaci\u00f3n y Tecnologia. Dr. Claudio Bullen Aguiar<\/li>\n<li>Honor y Justicia.\u00a0 Dr. Wilfredo Carrasco Gonzalez<\/li>\n<li>Vocales 1.\u00a0\u00a0 Dra. Celia Patricia Ordaz Miranda<\/li>\n<li>Vocal 2.\u00a0 Dra. Andrea Macias Silva<\/li>\n<li>Vocal 3. Dra. Sasha Melendez Alvarez<\/li>\n<\/ul>\n<p><!-- \/wp:paragraph --><\/p>\t\t\t\t\t\t\t\t<\/div>\n\t\t\t\t<\/div>\n\t\t\t\t\t<\/div>\n\t\t<\/div>\n\t\t\t\t\t<\/div>\n\t\t<\/section>\n\t\t\t\t<section class=\"elementor-section elementor-top-section elementor-element elementor-element-55e0682 elementor-section-boxed elementor-section-height-default elementor-section-height-default\" data-id=\"55e0682\" data-element_type=\"section\" data-e-type=\"section\">\n\t\t\t\t\t\t<div class=\"elementor-container elementor-column-gap-default\">\n\t\t\t\t\t<div class=\"elementor-column elementor-col-100 elementor-top-column elementor-element elementor-element-b27f91d\" data-id=\"b27f91d\" data-element_type=\"column\" data-e-type=\"column\">\n\t\t\t<div class=\"elementor-widget-wrap\">\n\t\t\t\t\t\t\t<\/div>\n\t\t<\/div>\n\t\t\t\t\t<\/div>\n\t\t<\/section>\n\t\t\t\t<section class=\"elementor-section elementor-top-section elementor-element elementor-element-c217864 elementor-section-boxed elementor-section-height-default elementor-section-height-default\" data-id=\"c217864\" data-element_type=\"section\" data-e-type=\"section\">\n\t\t\t\t\t\t<div class=\"elementor-container elementor-column-gap-default\">\n\t\t\t\t\t<div class=\"elementor-column elementor-col-100 elementor-top-column elementor-element elementor-element-90576b6\" data-id=\"90576b6\" data-element_type=\"column\" data-e-type=\"column\">\n\t\t\t<div class=\"elementor-widget-wrap elementor-element-populated\">\n\t\t\t\t\t\t<div class=\"elementor-element elementor-element-426478d elementor-widget elementor-widget-heading\" data-id=\"426478d\" data-element_type=\"widget\" data-e-type=\"widget\" data-widget_type=\"heading.default\">\n\t\t\t\t<div class=\"elementor-widget-container\">\n\t\t\t\t\t<h2 class=\"elementor-heading-title elementor-size-default\">Presidentes<\/h2>\t\t\t\t<\/div>\n\t\t\t\t<\/div>\n\t\t\t\t<div class=\"elementor-element elementor-element-63d0984 elementor-widget elementor-widget-gallery\" data-id=\"63d0984\" data-element_type=\"widget\" data-e-type=\"widget\" data-settings=\"{&quot;gallery_layout&quot;:&quot;masonry&quot;,&quot;overlay_title&quot;:&quot;title&quot;,&quot;lazyload&quot;:&quot;yes&quot;,&quot;columns&quot;:4,&quot;columns_tablet&quot;:2,&quot;columns_mobile&quot;:1,&quot;gap&quot;:{&quot;unit&quot;:&quot;px&quot;,&quot;size&quot;:10,&quot;sizes&quot;:[]},&quot;gap_tablet&quot;:{&quot;unit&quot;:&quot;px&quot;,&quot;size&quot;:10,&quot;sizes&quot;:[]},&quot;gap_mobile&quot;:{&quot;unit&quot;:&quot;px&quot;,&quot;size&quot;:10,&quot;sizes&quot;:[]},&quot;link_to&quot;:&quot;file&quot;,&quot;overlay_background&quot;:&quot;yes&quot;,&quot;content_hover_animation&quot;:&quot;fade-in&quot;}\" data-widget_type=\"gallery.default\">\n\t\t\t\t<div class=\"elementor-widget-container\">\n\t\t\t\t\t\t\t<div class=\"elementor-gallery__container\">\n\t\t\t\t\t\t\t<a class=\"e-gallery-item elementor-gallery-item elementor-animated-content\" href=\"https:\/\/amefambc.com.mx\/2025\/wp-content\/uploads\/2025\/04\/1er-presidente-1989-1995-juan-de-dios-santos.jpg\" data-elementor-open-lightbox=\"yes\" data-elementor-lightbox-slideshow=\"63d0984\" data-elementor-lightbox-title=\"1er-presidente-1989-1995-juan-de-dios-santos\" data-e-action-hash=\"#elementor-action%3Aaction%3Dlightbox%26settings%3DeyJpZCI6MTUzMCwidXJsIjoiaHR0cHM6XC9cL2FtZWZhbWJjLmNvbS5teFwvMjAyNVwvd3AtY29udGVudFwvdXBsb2Fkc1wvMjAyNVwvMDRcLzFlci1wcmVzaWRlbnRlLTE5ODktMTk5NS1qdWFuLWRlLWRpb3Mtc2FudG9zLmpwZyIsInNsaWRlc2hvdyI6IjYzZDA5ODQifQ%3D%3D\">\n\t\t\t\t\t<div class=\"e-gallery-image elementor-gallery-item__image\" data-thumbnail=\"https:\/\/amefambc.com.mx\/2025\/wp-content\/uploads\/2025\/04\/1er-presidente-1989-1995-juan-de-dios-santos-200x300.jpg\" data-width=\"200\" data-height=\"300\" aria-label=\"\" role=\"img\" ><\/div>\n\t\t\t\t\t\t\t\t\t\t\t<div class=\"elementor-gallery-item__overlay\"><\/div>\n\t\t\t\t\t\t\t\t\t\t\t\t\t\t\t<div class=\"elementor-gallery-item__content\">\n\t\t\t\t\t\t\t\t\t\t\t\t\t\t<div class=\"elementor-gallery-item__title\">\n\t\t\t\t\t\t\t\t\t\t\t\t\t\t\t\t\t\t1er-presidente-1989-1995-juan-de-dios-santos\t\t\t\t\t\t\t\t<\/div>\n\t\t\t\t\t\t\t\t\t\t\t\t<\/div>\n\t\t\t\t\t\t\t\t\t<\/a>\n\t\t\t\t\t\t\t<a class=\"e-gallery-item elementor-gallery-item elementor-animated-content\" href=\"https:\/\/amefambc.com.mx\/2025\/wp-content\/uploads\/2025\/04\/Dr_Leonilo_Chavez.jpg\" data-elementor-open-lightbox=\"yes\" data-elementor-lightbox-slideshow=\"63d0984\" data-elementor-lightbox-title=\"Dr_Leonilo_Chavez\" data-e-action-hash=\"#elementor-action%3Aaction%3Dlightbox%26settings%3DeyJpZCI6MTUyOSwidXJsIjoiaHR0cHM6XC9cL2FtZWZhbWJjLmNvbS5teFwvMjAyNVwvd3AtY29udGVudFwvdXBsb2Fkc1wvMjAyNVwvMDRcL0RyX0xlb25pbG9fQ2hhdmV6LmpwZyIsInNsaWRlc2hvdyI6IjYzZDA5ODQifQ%3D%3D\">\n\t\t\t\t\t<div class=\"e-gallery-image elementor-gallery-item__image\" data-thumbnail=\"https:\/\/amefambc.com.mx\/2025\/wp-content\/uploads\/2025\/04\/Dr_Leonilo_Chavez-200x300.jpg\" data-width=\"200\" data-height=\"300\" aria-label=\"\" role=\"img\" ><\/div>\n\t\t\t\t\t\t\t\t\t\t\t<div class=\"elementor-gallery-item__overlay\"><\/div>\n\t\t\t\t\t\t\t\t\t\t\t\t\t\t\t<div class=\"elementor-gallery-item__content\">\n\t\t\t\t\t\t\t\t\t\t\t\t\t\t<div class=\"elementor-gallery-item__title\">\n\t\t\t\t\t\t\t\t\t\t\t\t\t\t\t\t\t\tDr_Leonilo_Chavez\t\t\t\t\t\t\t\t<\/div>\n\t\t\t\t\t\t\t\t\t\t\t\t<\/div>\n\t\t\t\t\t\t\t\t\t<\/a>\n\t\t\t\t\t\t\t<a class=\"e-gallery-item elementor-gallery-item elementor-animated-content\" href=\"https:\/\/amefambc.com.mx\/2025\/wp-content\/uploads\/2025\/04\/2d-presidente-1995-abel-pena-valdespino.jpg\" data-elementor-open-lightbox=\"yes\" data-elementor-lightbox-slideshow=\"63d0984\" data-elementor-lightbox-title=\"2d-presidente-1995-abel-pena-valdespino\" data-e-action-hash=\"#elementor-action%3Aaction%3Dlightbox%26settings%3DeyJpZCI6MTUzMSwidXJsIjoiaHR0cHM6XC9cL2FtZWZhbWJjLmNvbS5teFwvMjAyNVwvd3AtY29udGVudFwvdXBsb2Fkc1wvMjAyNVwvMDRcLzJkLXByZXNpZGVudGUtMTk5NS1hYmVsLXBlbmEtdmFsZGVzcGluby5qcGciLCJzbGlkZXNob3ciOiI2M2QwOTg0In0%3D\">\n\t\t\t\t\t<div class=\"e-gallery-image elementor-gallery-item__image\" data-thumbnail=\"https:\/\/amefambc.com.mx\/2025\/wp-content\/uploads\/2025\/04\/2d-presidente-1995-abel-pena-valdespino-200x300.jpg\" data-width=\"200\" data-height=\"300\" aria-label=\"\" role=\"img\" ><\/div>\n\t\t\t\t\t\t\t\t\t\t\t<div class=\"elementor-gallery-item__overlay\"><\/div>\n\t\t\t\t\t\t\t\t\t\t\t\t\t\t\t<div class=\"elementor-gallery-item__content\">\n\t\t\t\t\t\t\t\t\t\t\t\t\t\t<div class=\"elementor-gallery-item__title\">\n\t\t\t\t\t\t\t\t\t\t\t\t\t\t\t\t\t\t2d-presidente-1995-abel-pena-valdespino\t\t\t\t\t\t\t\t<\/div>\n\t\t\t\t\t\t\t\t\t\t\t\t<\/div>\n\t\t\t\t\t\t\t\t\t<\/a>\n\t\t\t\t\t\t\t<a class=\"e-gallery-item elementor-gallery-item elementor-animated-content\" href=\"https:\/\/amefambc.com.mx\/2025\/wp-content\/uploads\/2025\/04\/3er-presidente-2007-claudio-mendez-heredia.jpg\" data-elementor-open-lightbox=\"yes\" data-elementor-lightbox-slideshow=\"63d0984\" data-elementor-lightbox-title=\"3er-presidente-2007-claudio-mendez-heredia\" data-e-action-hash=\"#elementor-action%3Aaction%3Dlightbox%26settings%3DeyJpZCI6MTUzMiwidXJsIjoiaHR0cHM6XC9cL2FtZWZhbWJjLmNvbS5teFwvMjAyNVwvd3AtY29udGVudFwvdXBsb2Fkc1wvMjAyNVwvMDRcLzNlci1wcmVzaWRlbnRlLTIwMDctY2xhdWRpby1tZW5kZXotaGVyZWRpYS5qcGciLCJzbGlkZXNob3ciOiI2M2QwOTg0In0%3D\">\n\t\t\t\t\t<div class=\"e-gallery-image elementor-gallery-item__image\" data-thumbnail=\"https:\/\/amefambc.com.mx\/2025\/wp-content\/uploads\/2025\/04\/3er-presidente-2007-claudio-mendez-heredia-200x300.jpg\" data-width=\"200\" data-height=\"300\" aria-label=\"\" role=\"img\" ><\/div>\n\t\t\t\t\t\t\t\t\t\t\t<div class=\"elementor-gallery-item__overlay\"><\/div>\n\t\t\t\t\t\t\t\t\t\t\t\t\t\t\t<div class=\"elementor-gallery-item__content\">\n\t\t\t\t\t\t\t\t\t\t\t\t\t\t<div class=\"elementor-gallery-item__title\">\n\t\t\t\t\t\t\t\t\t\t\t\t\t\t\t\t\t\t3er-presidente-2007-claudio-mendez-heredia\t\t\t\t\t\t\t\t<\/div>\n\t\t\t\t\t\t\t\t\t\t\t\t<\/div>\n\t\t\t\t\t\t\t\t\t<\/a>\n\t\t\t\t\t\t\t<a class=\"e-gallery-item elementor-gallery-item elementor-animated-content\" href=\"https:\/\/amefambc.com.mx\/2025\/wp-content\/uploads\/2025\/04\/4to_presidente-2009-2013-leonardo-lugo-morales.jpg\" data-elementor-open-lightbox=\"yes\" data-elementor-lightbox-slideshow=\"63d0984\" data-elementor-lightbox-title=\"4to_presidente-2009-2013-leonardo-lugo-morales\" data-e-action-hash=\"#elementor-action%3Aaction%3Dlightbox%26settings%3DeyJpZCI6MTUzMywidXJsIjoiaHR0cHM6XC9cL2FtZWZhbWJjLmNvbS5teFwvMjAyNVwvd3AtY29udGVudFwvdXBsb2Fkc1wvMjAyNVwvMDRcLzR0b19wcmVzaWRlbnRlLTIwMDktMjAxMy1sZW9uYXJkby1sdWdvLW1vcmFsZXMuanBnIiwic2xpZGVzaG93IjoiNjNkMDk4NCJ9\">\n\t\t\t\t\t<div class=\"e-gallery-image elementor-gallery-item__image\" data-thumbnail=\"https:\/\/amefambc.com.mx\/2025\/wp-content\/uploads\/2025\/04\/4to_presidente-2009-2013-leonardo-lugo-morales-200x300.jpg\" data-width=\"200\" data-height=\"300\" aria-label=\"\" role=\"img\" ><\/div>\n\t\t\t\t\t\t\t\t\t\t\t<div class=\"elementor-gallery-item__overlay\"><\/div>\n\t\t\t\t\t\t\t\t\t\t\t\t\t\t\t<div class=\"elementor-gallery-item__content\">\n\t\t\t\t\t\t\t\t\t\t\t\t\t\t<div class=\"elementor-gallery-item__title\">\n\t\t\t\t\t\t\t\t\t\t\t\t\t\t\t\t\t\t4to_presidente-2009-2013-leonardo-lugo-morales\t\t\t\t\t\t\t\t<\/div>\n\t\t\t\t\t\t\t\t\t\t\t\t<\/div>\n\t\t\t\t\t\t\t\t\t<\/a>\n\t\t\t\t\t\t\t<a class=\"e-gallery-item elementor-gallery-item elementor-animated-content\" href=\"https:\/\/amefambc.com.mx\/2025\/wp-content\/uploads\/2025\/04\/5to-presidente-2013-2015-dr-enrique-verdugo-robles.jpg\" data-elementor-open-lightbox=\"yes\" data-elementor-lightbox-slideshow=\"63d0984\" data-elementor-lightbox-title=\"5to-presidente-2013-2015-dr-enrique-verdugo-robles\" data-e-action-hash=\"#elementor-action%3Aaction%3Dlightbox%26settings%3DeyJpZCI6MTUzNCwidXJsIjoiaHR0cHM6XC9cL2FtZWZhbWJjLmNvbS5teFwvMjAyNVwvd3AtY29udGVudFwvdXBsb2Fkc1wvMjAyNVwvMDRcLzV0by1wcmVzaWRlbnRlLTIwMTMtMjAxNS1kci1lbnJpcXVlLXZlcmR1Z28tcm9ibGVzLmpwZyIsInNsaWRlc2hvdyI6IjYzZDA5ODQifQ%3D%3D\">\n\t\t\t\t\t<div class=\"e-gallery-image elementor-gallery-item__image\" data-thumbnail=\"https:\/\/amefambc.com.mx\/2025\/wp-content\/uploads\/2025\/04\/5to-presidente-2013-2015-dr-enrique-verdugo-robles-200x300.jpg\" data-width=\"200\" data-height=\"300\" aria-label=\"\" role=\"img\" ><\/div>\n\t\t\t\t\t\t\t\t\t\t\t<div class=\"elementor-gallery-item__overlay\"><\/div>\n\t\t\t\t\t\t\t\t\t\t\t\t\t\t\t<div class=\"elementor-gallery-item__content\">\n\t\t\t\t\t\t\t\t\t\t\t\t\t\t<div class=\"elementor-gallery-item__title\">\n\t\t\t\t\t\t\t\t\t\t\t\t\t\t\t\t\t\t5to-presidente-2013-2015-dr-enrique-verdugo-robles\t\t\t\t\t\t\t\t<\/div>\n\t\t\t\t\t\t\t\t\t\t\t\t<\/div>\n\t\t\t\t\t\t\t\t\t<\/a>\n\t\t\t\t\t\t\t<a class=\"e-gallery-item elementor-gallery-item elementor-animated-content\" href=\"https:\/\/amefambc.com.mx\/2025\/wp-content\/uploads\/2025\/04\/6ta-presidenta-yossadara-luna.jpg\" data-elementor-open-lightbox=\"yes\" data-elementor-lightbox-slideshow=\"63d0984\" data-elementor-lightbox-title=\"6ta-presidenta-yossadara-luna\" data-e-action-hash=\"#elementor-action%3Aaction%3Dlightbox%26settings%3DeyJpZCI6MTUzNSwidXJsIjoiaHR0cHM6XC9cL2FtZWZhbWJjLmNvbS5teFwvMjAyNVwvd3AtY29udGVudFwvdXBsb2Fkc1wvMjAyNVwvMDRcLzZ0YS1wcmVzaWRlbnRhLXlvc3NhZGFyYS1sdW5hLmpwZyIsInNsaWRlc2hvdyI6IjYzZDA5ODQifQ%3D%3D\">\n\t\t\t\t\t<div class=\"e-gallery-image elementor-gallery-item__image\" data-thumbnail=\"https:\/\/amefambc.com.mx\/2025\/wp-content\/uploads\/2025\/04\/6ta-presidenta-yossadara-luna-200x300.jpg\" data-width=\"200\" data-height=\"300\" aria-label=\"\" role=\"img\" ><\/div>\n\t\t\t\t\t\t\t\t\t\t\t<div class=\"elementor-gallery-item__overlay\"><\/div>\n\t\t\t\t\t\t\t\t\t\t\t\t\t\t\t<div class=\"elementor-gallery-item__content\">\n\t\t\t\t\t\t\t\t\t\t\t\t\t\t<div class=\"elementor-gallery-item__title\">\n\t\t\t\t\t\t\t\t\t\t\t\t\t\t\t\t\t\t6ta-presidenta-yossadara-luna\t\t\t\t\t\t\t\t<\/div>\n\t\t\t\t\t\t\t\t\t\t\t\t<\/div>\n\t\t\t\t\t\t\t\t\t<\/a>\n\t\t\t\t\t\t\t<a class=\"e-gallery-item elementor-gallery-item elementor-animated-content\" href=\"https:\/\/amefambc.com.mx\/2025\/wp-content\/uploads\/2025\/04\/7mo_Presidente_2019-2021_Dr_Juan_Alejandro_Thomas_Moreno.jpg\" data-elementor-open-lightbox=\"yes\" data-elementor-lightbox-slideshow=\"63d0984\" data-elementor-lightbox-title=\"7mo_Presidente_2019-2021_Dr_Juan_Alejandro_Thomas_Moreno\" data-e-action-hash=\"#elementor-action%3Aaction%3Dlightbox%26settings%3DeyJpZCI6MTUzNiwidXJsIjoiaHR0cHM6XC9cL2FtZWZhbWJjLmNvbS5teFwvMjAyNVwvd3AtY29udGVudFwvdXBsb2Fkc1wvMjAyNVwvMDRcLzdtb19QcmVzaWRlbnRlXzIwMTktMjAyMV9Ecl9KdWFuX0FsZWphbmRyb19UaG9tYXNfTW9yZW5vLmpwZyIsInNsaWRlc2hvdyI6IjYzZDA5ODQifQ%3D%3D\">\n\t\t\t\t\t<div class=\"e-gallery-image elementor-gallery-item__image\" data-thumbnail=\"https:\/\/amefambc.com.mx\/2025\/wp-content\/uploads\/2025\/04\/7mo_Presidente_2019-2021_Dr_Juan_Alejandro_Thomas_Moreno-200x300.jpg\" data-width=\"200\" data-height=\"300\" aria-label=\"\" role=\"img\" ><\/div>\n\t\t\t\t\t\t\t\t\t\t\t<div class=\"elementor-gallery-item__overlay\"><\/div>\n\t\t\t\t\t\t\t\t\t\t\t\t\t\t\t<div class=\"elementor-gallery-item__content\">\n\t\t\t\t\t\t\t\t\t\t\t\t\t\t<div class=\"elementor-gallery-item__title\">\n\t\t\t\t\t\t\t\t\t\t\t\t\t\t\t\t\t\t7mo_Presidente_2019-2021_Dr_Juan_Alejandro_Thomas_Moreno\t\t\t\t\t\t\t\t<\/div>\n\t\t\t\t\t\t\t\t\t\t\t\t<\/div>\n\t\t\t\t\t\t\t\t\t<\/a>\n\t\t\t\t\t<\/div>\n\t\t\t\t\t<\/div>\n\t\t\t\t<\/div>\n\t\t\t\t\t<\/div>\n\t\t<\/div>\n\t\t\t\t\t<\/div>\n\t\t<\/section>\n\t\t\t\t<\/div>\n\t\t","protected":false},"excerpt":{"rendered":"<p>Toma de protesta bienio\u00a02023-2025, honrados con la presencia del\u00a0\u00a0Dr. Javier Alberto Dominguez Del Olmo, fundador del\u00a0Colegio Mexicano de Medicina Familiar\u00a0(actualmente\u00a0Federaci\u00f3n de Residentes y Especialistas en Medicina Familiar\u00a0), fundador y presidente [&hellip;]<\/p>\n","protected":false},"author":1,"featured_media":1495,"parent":0,"menu_order":0,"comment_status":"closed","ping_status":"closed","template":"","meta":{"footnotes":""},"class_list":["post-1405","page","type-page","status-publish","has-post-thumbnail","hentry"],"_links":{"self":[{"href":"https:\/\/amefambc.com.mx\/2025\/wp-json\/wp\/v2\/pages\/1405","targetHints":{"allow":["GET"]}}],"collection":[{"href":"https:\/\/amefambc.com.mx\/2025\/wp-json\/wp\/v2\/pages"}],"about":[{"href":"https:\/\/amefambc.com.mx\/2025\/wp-json\/wp\/v2\/types\/page"}],"author":[{"embeddable":true,"href":"https:\/\/amefambc.com.mx\/2025\/wp-json\/wp\/v2\/users\/1"}],"replies":[{"embeddable":true,"href":"https:\/\/amefambc.com.mx\/2025\/wp-json\/wp\/v2\/comments?post=1405"}],"version-history":[{"count":5,"href":"https:\/\/amefambc.com.mx\/2025\/wp-json\/wp\/v2\/pages\/1405\/revisions"}],"predecessor-version":[{"id":1813,"href":"https:\/\/amefambc.com.mx\/2025\/wp-json\/wp\/v2\/pages\/1405\/revisions\/1813"}],"wp:featuredmedia":[{"embeddable":true,"href":"https:\/\/amefambc.com.mx\/2025\/wp-json\/wp\/v2\/media\/1495"}],"wp:attachment":[{"href":"https:\/\/amefambc.com.mx\/2025\/wp-json\/wp\/v2\/media?parent=1405"}],"curies":[{"name":"wp","href":"https:\/\/api.w.org\/{rel}","templated":true}]}}