{"id":1808,"date":"2025-06-10T22:23:49","date_gmt":"2025-06-10T22:23:49","guid":{"rendered":"https:\/\/amefambc.com.mx\/2025\/?page_id=1808"},"modified":"2025-06-13T22:03:33","modified_gmt":"2025-06-13T22:03:33","slug":"miembros-2025-2027","status":"publish","type":"page","link":"https:\/\/amefambc.com.mx\/2025\/miembros-2025-2027\/","title":{"rendered":"Consejo Directivo 2025-2027"},"content":{"rendered":"\t\t<div data-elementor-type=\"wp-page\" data-elementor-id=\"1808\" class=\"elementor elementor-1808\" data-elementor-post-type=\"page\">\n\t\t\t\t\t\t<section class=\"elementor-section elementor-top-section elementor-element elementor-element-938f7be elementor-section-height-min-height elementor-section-boxed elementor-section-height-default elementor-section-items-middle\" data-id=\"938f7be\" data-element_type=\"section\" data-e-type=\"section\" data-settings=\"{&quot;background_background&quot;:&quot;classic&quot;}\">\n\t\t\t\t\t\t\t<div class=\"elementor-background-overlay\"><\/div>\n\t\t\t\t\t\t\t<div class=\"elementor-container elementor-column-gap-default\">\n\t\t\t\t\t<div class=\"elementor-column elementor-col-100 elementor-top-column elementor-element elementor-element-0b7eb12\" data-id=\"0b7eb12\" data-element_type=\"column\" data-e-type=\"column\">\n\t\t\t<div class=\"elementor-widget-wrap elementor-element-populated\">\n\t\t\t\t\t\t<div class=\"elementor-element elementor-element-2094709 elementor-widget elementor-widget-heading\" data-id=\"2094709\" data-element_type=\"widget\" data-e-type=\"widget\" data-widget_type=\"heading.default\">\n\t\t\t\t<div class=\"elementor-widget-container\">\n\t\t\t\t\t<h1 class=\"elementor-heading-title elementor-size-default\">Consejo Directivo 2025-2027<\/h1>\t\t\t\t<\/div>\n\t\t\t\t<\/div>\n\t\t\t\t\t<\/div>\n\t\t<\/div>\n\t\t\t\t\t<\/div>\n\t\t<\/section>\n\t\t\t\t<section class=\"elementor-section elementor-top-section elementor-element elementor-element-350042d4 elementor-section-boxed elementor-section-height-default elementor-section-height-default\" data-id=\"350042d4\" data-element_type=\"section\" data-e-type=\"section\">\n\t\t\t\t\t\t<div class=\"elementor-container elementor-column-gap-default\">\n\t\t\t\t\t<div class=\"elementor-column elementor-col-100 elementor-top-column elementor-element elementor-element-39da5098\" data-id=\"39da5098\" data-element_type=\"column\" data-e-type=\"column\">\n\t\t\t<div class=\"elementor-widget-wrap elementor-element-populated\">\n\t\t\t\t\t\t<div class=\"elementor-element elementor-element-6acd20e0 elementor-widget elementor-widget-text-editor\" data-id=\"6acd20e0\" data-element_type=\"widget\" data-e-type=\"widget\" data-widget_type=\"text-editor.default\">\n\t\t\t\t<div class=\"elementor-widget-container\">\n\t\t\t\t\t\t\t\t\t<p><b>Integrantes de la junta directiva<\/b><\/p>\n<table>\n<tbody>\n<tr>\n<td>\n<p><span style=\"font-weight: 400;\">Dr. Rolando C\u00e1rdenas San Mart\u00edn Mart\u00ednez<\/span><\/p>\n<\/td>\n<td>\n<p><span style=\"font-weight: 400;\">PRESIDENTE<\/span><\/p>\n<\/td>\n<\/tr>\n<tr>\n<td>\n<p><span style=\"font-weight: 400;\">Dra. Patricia Elena Meza Luna<\/span><\/p>\n<\/td>\n<td>\n<p><span style=\"font-weight: 400;\">VICEPRESIDENTE\u00a0<\/span><\/p>\n<\/td>\n<\/tr>\n<tr>\n<td>\n<p><span style=\"font-weight: 400;\">Dra. Carolina Cajero V\u00e1zquez<\/span><\/p>\n<\/td>\n<td>\n<p><span style=\"font-weight: 400;\">TESORERA<\/span><\/p>\n<\/td>\n<\/tr>\n<tr>\n<td>\n<p><span style=\"font-weight: 400;\">Dra. Celia Patricia Ordaz Miranda<\/span><\/p>\n<\/td>\n<td>\n<p><span style=\"font-weight: 400;\">SECRETARIA<\/span><\/p>\n<\/td>\n<\/tr>\n<tr>\n<td>\n<p><span style=\"font-weight: 400;\">Dra. Andrea Mac\u00edas Silva<\/span><\/p>\n<\/td>\n<td>\n<p><span style=\"font-weight: 400;\">VOCAL<\/span><\/p>\n<\/td>\n<\/tr>\n<tr>\n<td>\n<p><span style=\"font-weight: 400;\">Dra. Ilse Anal\u00eda Chavez Aguayo<\/span><\/p>\n<\/td>\n<td>\n<p><span style=\"font-weight: 400;\">COORD. EDUCACI\u00d3N M\u00c9DICA\u00a0<\/span><\/p>\n<\/td>\n<\/tr>\n<tr>\n<td>\n<p><span style=\"font-weight: 400;\">Dra. Sasha Mel\u00e9ndez \u00c1lvarez<\/span><\/p>\n<\/td>\n<td>\n<p><span style=\"font-weight: 400;\">COORD. DE RELACIONES P\u00daBLICAS\u00a0<\/span><\/p>\n<\/td>\n<\/tr>\n<tr>\n<td>\n<p><span style=\"font-weight: 400;\">Dra. Yossadara Luna T\u00e9llez<\/span><\/p>\n<\/td>\n<td>\n<p><span style=\"font-weight: 400;\">COORD. DE CONGRESOS<\/span><\/p>\n<\/td>\n<\/tr>\n<tr>\n<td>\n<p><span style=\"font-weight: 400;\">Dr. C\u00e9sar Augusto Cruz Gaspar<\/span><\/p>\n<\/td>\n<td>\n<p><span style=\"font-weight: 400;\">COORD. DE INNOVACI\u00d3N Y TECNOLOG\u00cdA\u00a0<\/span><\/p>\n<\/td>\n<\/tr>\n<tr>\n<td>\n<p><span style=\"font-weight: 400;\">Dra. Ana Gloria Oceguera Cardoso<\/span><\/p>\n<\/td>\n<td>\n<p><span style=\"font-weight: 400;\">COORD. ASISTENCIAL<\/span><\/p>\n<\/td>\n<\/tr>\n<tr>\n<td>\n<p><span style=\"font-weight: 400;\">Dr. Antonio Villanueva Santill\u00e1n<\/span><\/p>\n<\/td>\n<td>\n<p><span style=\"font-weight: 400;\">COORD. HONOR Y JUSTICIA<\/span><\/p>\n<\/td>\n<\/tr>\n<\/tbody>\n<\/table>\n<p><!-- \/wp:paragraph --><\/p>\t\t\t\t\t\t\t\t<\/div>\n\t\t\t\t<\/div>\n\t\t\t\t\t<\/div>\n\t\t<\/div>\n\t\t\t\t\t<\/div>\n\t\t<\/section>\n\t\t\t\t<section class=\"elementor-section elementor-top-section elementor-element elementor-element-55e0682 elementor-section-boxed elementor-section-height-default elementor-section-height-default\" data-id=\"55e0682\" data-element_type=\"section\" data-e-type=\"section\">\n\t\t\t\t\t\t<div class=\"elementor-container elementor-column-gap-default\">\n\t\t\t\t\t<div class=\"elementor-column elementor-col-100 elementor-top-column elementor-element elementor-element-b27f91d\" data-id=\"b27f91d\" data-element_type=\"column\" data-e-type=\"column\">\n\t\t\t<div class=\"elementor-widget-wrap\">\n\t\t\t\t\t\t\t<\/div>\n\t\t<\/div>\n\t\t\t\t\t<\/div>\n\t\t<\/section>\n\t\t\t\t<section class=\"elementor-section elementor-top-section elementor-element elementor-element-c217864 elementor-section-boxed elementor-section-height-default elementor-section-height-default\" data-id=\"c217864\" data-element_type=\"section\" data-e-type=\"section\">\n\t\t\t\t\t\t<div class=\"elementor-container elementor-column-gap-default\">\n\t\t\t\t\t<div class=\"elementor-column elementor-col-100 elementor-top-column elementor-element elementor-element-90576b6\" data-id=\"90576b6\" data-element_type=\"column\" data-e-type=\"column\">\n\t\t\t<div class=\"elementor-widget-wrap elementor-element-populated\">\n\t\t\t\t\t\t<div class=\"elementor-element elementor-element-426478d elementor-widget elementor-widget-heading\" data-id=\"426478d\" data-element_type=\"widget\" data-e-type=\"widget\" data-widget_type=\"heading.default\">\n\t\t\t\t<div class=\"elementor-widget-container\">\n\t\t\t\t\t<h2 class=\"elementor-heading-title elementor-size-default\">Presidentes<\/h2>\t\t\t\t<\/div>\n\t\t\t\t<\/div>\n\t\t\t\t<div class=\"elementor-element elementor-element-63d0984 elementor-widget elementor-widget-gallery\" data-id=\"63d0984\" data-element_type=\"widget\" data-e-type=\"widget\" data-settings=\"{&quot;gallery_layout&quot;:&quot;masonry&quot;,&quot;overlay_title&quot;:&quot;caption&quot;,&quot;lazyload&quot;:&quot;yes&quot;,&quot;columns&quot;:4,&quot;columns_tablet&quot;:2,&quot;columns_mobile&quot;:1,&quot;gap&quot;:{&quot;unit&quot;:&quot;px&quot;,&quot;size&quot;:10,&quot;sizes&quot;:[]},&quot;gap_tablet&quot;:{&quot;unit&quot;:&quot;px&quot;,&quot;size&quot;:10,&quot;sizes&quot;:[]},&quot;gap_mobile&quot;:{&quot;unit&quot;:&quot;px&quot;,&quot;size&quot;:10,&quot;sizes&quot;:[]},&quot;link_to&quot;:&quot;file&quot;,&quot;overlay_background&quot;:&quot;yes&quot;,&quot;content_hover_animation&quot;:&quot;fade-in&quot;}\" data-widget_type=\"gallery.default\">\n\t\t\t\t<div class=\"elementor-widget-container\">\n\t\t\t\t\t\t\t<div class=\"elementor-gallery__container\">\n\t\t\t\t\t\t\t<a class=\"e-gallery-item elementor-gallery-item elementor-animated-content\" href=\"https:\/\/amefambc.com.mx\/2025\/wp-content\/uploads\/2025\/04\/1er-presidente-1989-1995-juan-de-dios-santos.jpg\" data-elementor-open-lightbox=\"yes\" data-elementor-lightbox-slideshow=\"63d0984\" data-elementor-lightbox-title=\"1er-presidente-1989-1995-juan-de-dios-santos\" data-e-action-hash=\"#elementor-action%3Aaction%3Dlightbox%26settings%3DeyJpZCI6MTUzMCwidXJsIjoiaHR0cHM6XC9cL2FtZWZhbWJjLmNvbS5teFwvMjAyNVwvd3AtY29udGVudFwvdXBsb2Fkc1wvMjAyNVwvMDRcLzFlci1wcmVzaWRlbnRlLTE5ODktMTk5NS1qdWFuLWRlLWRpb3Mtc2FudG9zLmpwZyIsInNsaWRlc2hvdyI6IjYzZDA5ODQifQ%3D%3D\">\n\t\t\t\t\t<div class=\"e-gallery-image elementor-gallery-item__image\" data-thumbnail=\"https:\/\/amefambc.com.mx\/2025\/wp-content\/uploads\/2025\/04\/1er-presidente-1989-1995-juan-de-dios-santos-200x300.jpg\" data-width=\"200\" data-height=\"300\" aria-label=\"\" role=\"img\" ><\/div>\n\t\t\t\t\t\t\t\t\t\t\t<div class=\"elementor-gallery-item__overlay\"><\/div>\n\t\t\t\t\t\t\t\t\t\t\t\t\t\t\t<div class=\"elementor-gallery-item__content\">\n\t\t\t\t\t\t\t\t\t\t\t\t\t\t<div class=\"elementor-gallery-item__title\">\n\t\t\t\t\t\t\t\t\t\t\t\t\t\t\t\t\t\tDr. Juan de Dios Santos\t\t\t\t\t\t\t\t<\/div>\n\t\t\t\t\t\t\t\t\t\t\t\t<\/div>\n\t\t\t\t\t\t\t\t\t<\/a>\n\t\t\t\t\t\t\t<a class=\"e-gallery-item elementor-gallery-item elementor-animated-content\" href=\"https:\/\/amefambc.com.mx\/2025\/wp-content\/uploads\/2025\/04\/2d-presidente-1995-abel-pena-valdespino.jpg\" data-elementor-open-lightbox=\"yes\" data-elementor-lightbox-slideshow=\"63d0984\" data-elementor-lightbox-title=\"2d-presidente-1995-abel-pena-valdespino\" data-e-action-hash=\"#elementor-action%3Aaction%3Dlightbox%26settings%3DeyJpZCI6MTUzMSwidXJsIjoiaHR0cHM6XC9cL2FtZWZhbWJjLmNvbS5teFwvMjAyNVwvd3AtY29udGVudFwvdXBsb2Fkc1wvMjAyNVwvMDRcLzJkLXByZXNpZGVudGUtMTk5NS1hYmVsLXBlbmEtdmFsZGVzcGluby5qcGciLCJzbGlkZXNob3ciOiI2M2QwOTg0In0%3D\">\n\t\t\t\t\t<div class=\"e-gallery-image elementor-gallery-item__image\" data-thumbnail=\"https:\/\/amefambc.com.mx\/2025\/wp-content\/uploads\/2025\/04\/2d-presidente-1995-abel-pena-valdespino-200x300.jpg\" data-width=\"200\" data-height=\"300\" aria-label=\"\" role=\"img\" ><\/div>\n\t\t\t\t\t\t\t\t\t\t\t<div class=\"elementor-gallery-item__overlay\"><\/div>\n\t\t\t\t\t\t\t\t\t\t\t\t\t\t\t<div class=\"elementor-gallery-item__content\">\n\t\t\t\t\t\t\t\t\t\t\t\t\t\t<div class=\"elementor-gallery-item__title\">\n\t\t\t\t\t\t\t\t\t\t\t\t\t\t\t\t\t\tDr. Abel Pe\u00f1a Valdespino\t\t\t\t\t\t\t\t<\/div>\n\t\t\t\t\t\t\t\t\t\t\t\t<\/div>\n\t\t\t\t\t\t\t\t\t<\/a>\n\t\t\t\t\t\t\t<a class=\"e-gallery-item elementor-gallery-item elementor-animated-content\" href=\"https:\/\/amefambc.com.mx\/2025\/wp-content\/uploads\/2025\/04\/Dr_Leonilo_Chavez.jpg\" data-elementor-open-lightbox=\"yes\" data-elementor-lightbox-slideshow=\"63d0984\" data-elementor-lightbox-title=\"Dr_Leonilo_Chavez\" data-e-action-hash=\"#elementor-action%3Aaction%3Dlightbox%26settings%3DeyJpZCI6MTUyOSwidXJsIjoiaHR0cHM6XC9cL2FtZWZhbWJjLmNvbS5teFwvMjAyNVwvd3AtY29udGVudFwvdXBsb2Fkc1wvMjAyNVwvMDRcL0RyX0xlb25pbG9fQ2hhdmV6LmpwZyIsInNsaWRlc2hvdyI6IjYzZDA5ODQifQ%3D%3D\">\n\t\t\t\t\t<div class=\"e-gallery-image elementor-gallery-item__image\" data-thumbnail=\"https:\/\/amefambc.com.mx\/2025\/wp-content\/uploads\/2025\/04\/Dr_Leonilo_Chavez-200x300.jpg\" data-width=\"200\" data-height=\"300\" aria-label=\"\" role=\"img\" ><\/div>\n\t\t\t\t\t\t\t\t\t\t\t<div class=\"elementor-gallery-item__overlay\"><\/div>\n\t\t\t\t\t\t\t\t\t\t\t\t\t\t\t<div class=\"elementor-gallery-item__content\">\n\t\t\t\t\t\t\t\t\t\t\t\t\t\t<div class=\"elementor-gallery-item__title\">\n\t\t\t\t\t\t\t\t\t\t\t\t\t\t\t\t\t\tDr. Leonilo Santos\t\t\t\t\t\t\t\t<\/div>\n\t\t\t\t\t\t\t\t\t\t\t\t<\/div>\n\t\t\t\t\t\t\t\t\t<\/a>\n\t\t\t\t\t\t\t<a class=\"e-gallery-item elementor-gallery-item elementor-animated-content\" href=\"https:\/\/amefambc.com.mx\/2025\/wp-content\/uploads\/2025\/04\/3er-presidente-2007-claudio-mendez-heredia.jpg\" data-elementor-open-lightbox=\"yes\" data-elementor-lightbox-slideshow=\"63d0984\" data-elementor-lightbox-title=\"3er-presidente-2007-claudio-mendez-heredia\" data-e-action-hash=\"#elementor-action%3Aaction%3Dlightbox%26settings%3DeyJpZCI6MTUzMiwidXJsIjoiaHR0cHM6XC9cL2FtZWZhbWJjLmNvbS5teFwvMjAyNVwvd3AtY29udGVudFwvdXBsb2Fkc1wvMjAyNVwvMDRcLzNlci1wcmVzaWRlbnRlLTIwMDctY2xhdWRpby1tZW5kZXotaGVyZWRpYS5qcGciLCJzbGlkZXNob3ciOiI2M2QwOTg0In0%3D\">\n\t\t\t\t\t<div class=\"e-gallery-image elementor-gallery-item__image\" data-thumbnail=\"https:\/\/amefambc.com.mx\/2025\/wp-content\/uploads\/2025\/04\/3er-presidente-2007-claudio-mendez-heredia-200x300.jpg\" data-width=\"200\" data-height=\"300\" aria-label=\"\" role=\"img\" ><\/div>\n\t\t\t\t\t\t\t\t\t\t\t<div class=\"elementor-gallery-item__overlay\"><\/div>\n\t\t\t\t\t\t\t\t\t\t\t\t\t\t\t<div class=\"elementor-gallery-item__content\">\n\t\t\t\t\t\t\t\t\t\t\t\t\t\t<div class=\"elementor-gallery-item__title\">\n\t\t\t\t\t\t\t\t\t\t\t\t\t\t\t\t\t\tDr. Claudio Mendez Heredia\t\t\t\t\t\t\t\t<\/div>\n\t\t\t\t\t\t\t\t\t\t\t\t<\/div>\n\t\t\t\t\t\t\t\t\t<\/a>\n\t\t\t\t\t\t\t<a class=\"e-gallery-item elementor-gallery-item elementor-animated-content\" href=\"https:\/\/amefambc.com.mx\/2025\/wp-content\/uploads\/2025\/04\/4to_presidente-2009-2013-leonardo-lugo-morales.jpg\" data-elementor-open-lightbox=\"yes\" data-elementor-lightbox-slideshow=\"63d0984\" data-elementor-lightbox-title=\"4to_presidente-2009-2013-leonardo-lugo-morales\" data-e-action-hash=\"#elementor-action%3Aaction%3Dlightbox%26settings%3DeyJpZCI6MTUzMywidXJsIjoiaHR0cHM6XC9cL2FtZWZhbWJjLmNvbS5teFwvMjAyNVwvd3AtY29udGVudFwvdXBsb2Fkc1wvMjAyNVwvMDRcLzR0b19wcmVzaWRlbnRlLTIwMDktMjAxMy1sZW9uYXJkby1sdWdvLW1vcmFsZXMuanBnIiwic2xpZGVzaG93IjoiNjNkMDk4NCJ9\">\n\t\t\t\t\t<div class=\"e-gallery-image elementor-gallery-item__image\" data-thumbnail=\"https:\/\/amefambc.com.mx\/2025\/wp-content\/uploads\/2025\/04\/4to_presidente-2009-2013-leonardo-lugo-morales-200x300.jpg\" data-width=\"200\" data-height=\"300\" aria-label=\"\" role=\"img\" ><\/div>\n\t\t\t\t\t\t\t\t\t\t\t<div class=\"elementor-gallery-item__overlay\"><\/div>\n\t\t\t\t\t\t\t\t\t\t\t\t\t\t\t<div class=\"elementor-gallery-item__content\">\n\t\t\t\t\t\t\t\t\t\t\t\t\t\t<div class=\"elementor-gallery-item__title\">\n\t\t\t\t\t\t\t\t\t\t\t\t\t\t\t\t\t\tDr. Leonardo Lugo Morales\t\t\t\t\t\t\t\t<\/div>\n\t\t\t\t\t\t\t\t\t\t\t\t<\/div>\n\t\t\t\t\t\t\t\t\t<\/a>\n\t\t\t\t\t\t\t<a class=\"e-gallery-item elementor-gallery-item elementor-animated-content\" href=\"https:\/\/amefambc.com.mx\/2025\/wp-content\/uploads\/2025\/04\/5to-presidente-2013-2015-dr-enrique-verdugo-robles.jpg\" data-elementor-open-lightbox=\"yes\" data-elementor-lightbox-slideshow=\"63d0984\" data-elementor-lightbox-title=\"5to-presidente-2013-2015-dr-enrique-verdugo-robles\" data-e-action-hash=\"#elementor-action%3Aaction%3Dlightbox%26settings%3DeyJpZCI6MTUzNCwidXJsIjoiaHR0cHM6XC9cL2FtZWZhbWJjLmNvbS5teFwvMjAyNVwvd3AtY29udGVudFwvdXBsb2Fkc1wvMjAyNVwvMDRcLzV0by1wcmVzaWRlbnRlLTIwMTMtMjAxNS1kci1lbnJpcXVlLXZlcmR1Z28tcm9ibGVzLmpwZyIsInNsaWRlc2hvdyI6IjYzZDA5ODQifQ%3D%3D\">\n\t\t\t\t\t<div class=\"e-gallery-image elementor-gallery-item__image\" data-thumbnail=\"https:\/\/amefambc.com.mx\/2025\/wp-content\/uploads\/2025\/04\/5to-presidente-2013-2015-dr-enrique-verdugo-robles-200x300.jpg\" data-width=\"200\" data-height=\"300\" aria-label=\"\" role=\"img\" ><\/div>\n\t\t\t\t\t\t\t\t\t\t\t<div class=\"elementor-gallery-item__overlay\"><\/div>\n\t\t\t\t\t\t\t\t\t\t\t\t\t\t\t<div class=\"elementor-gallery-item__content\">\n\t\t\t\t\t\t\t\t\t\t\t\t\t\t<div class=\"elementor-gallery-item__title\">\n\t\t\t\t\t\t\t\t\t\t\t\t\t\t\t\t\t\tDr. Enrique Verdugo Robles\t\t\t\t\t\t\t\t<\/div>\n\t\t\t\t\t\t\t\t\t\t\t\t<\/div>\n\t\t\t\t\t\t\t\t\t<\/a>\n\t\t\t\t\t\t\t<a class=\"e-gallery-item elementor-gallery-item elementor-animated-content\" href=\"https:\/\/amefambc.com.mx\/2025\/wp-content\/uploads\/2025\/04\/6ta-presidenta-yossadara-luna.jpg\" data-elementor-open-lightbox=\"yes\" data-elementor-lightbox-slideshow=\"63d0984\" data-elementor-lightbox-title=\"6ta-presidenta-yossadara-luna\" data-e-action-hash=\"#elementor-action%3Aaction%3Dlightbox%26settings%3DeyJpZCI6MTUzNSwidXJsIjoiaHR0cHM6XC9cL2FtZWZhbWJjLmNvbS5teFwvMjAyNVwvd3AtY29udGVudFwvdXBsb2Fkc1wvMjAyNVwvMDRcLzZ0YS1wcmVzaWRlbnRhLXlvc3NhZGFyYS1sdW5hLmpwZyIsInNsaWRlc2hvdyI6IjYzZDA5ODQifQ%3D%3D\">\n\t\t\t\t\t<div class=\"e-gallery-image elementor-gallery-item__image\" data-thumbnail=\"https:\/\/amefambc.com.mx\/2025\/wp-content\/uploads\/2025\/04\/6ta-presidenta-yossadara-luna-200x300.jpg\" data-width=\"200\" data-height=\"300\" aria-label=\"\" role=\"img\" ><\/div>\n\t\t\t\t\t\t\t\t\t\t\t<div class=\"elementor-gallery-item__overlay\"><\/div>\n\t\t\t\t\t\t\t\t\t\t\t\t\t\t\t<div class=\"elementor-gallery-item__content\">\n\t\t\t\t\t\t\t\t\t\t\t\t\t\t<div class=\"elementor-gallery-item__title\">\n\t\t\t\t\t\t\t\t\t\t\t\t\t\t\t\t\t\tDra. Yossadara Luna\t\t\t\t\t\t\t\t<\/div>\n\t\t\t\t\t\t\t\t\t\t\t\t<\/div>\n\t\t\t\t\t\t\t\t\t<\/a>\n\t\t\t\t\t\t\t<a class=\"e-gallery-item elementor-gallery-item elementor-animated-content\" href=\"https:\/\/amefambc.com.mx\/2025\/wp-content\/uploads\/2025\/04\/7mo_Presidente_2019-2021_Dr_Juan_Alejandro_Thomas_Moreno.jpg\" data-elementor-open-lightbox=\"yes\" data-elementor-lightbox-slideshow=\"63d0984\" data-elementor-lightbox-title=\"7mo_Presidente_2019-2021_Dr_Juan_Alejandro_Thomas_Moreno\" data-e-action-hash=\"#elementor-action%3Aaction%3Dlightbox%26settings%3DeyJpZCI6MTUzNiwidXJsIjoiaHR0cHM6XC9cL2FtZWZhbWJjLmNvbS5teFwvMjAyNVwvd3AtY29udGVudFwvdXBsb2Fkc1wvMjAyNVwvMDRcLzdtb19QcmVzaWRlbnRlXzIwMTktMjAyMV9Ecl9KdWFuX0FsZWphbmRyb19UaG9tYXNfTW9yZW5vLmpwZyIsInNsaWRlc2hvdyI6IjYzZDA5ODQifQ%3D%3D\">\n\t\t\t\t\t<div class=\"e-gallery-image elementor-gallery-item__image\" data-thumbnail=\"https:\/\/amefambc.com.mx\/2025\/wp-content\/uploads\/2025\/04\/7mo_Presidente_2019-2021_Dr_Juan_Alejandro_Thomas_Moreno-200x300.jpg\" data-width=\"200\" data-height=\"300\" aria-label=\"\" role=\"img\" ><\/div>\n\t\t\t\t\t\t\t\t\t\t\t<div class=\"elementor-gallery-item__overlay\"><\/div>\n\t\t\t\t\t\t\t\t\t\t\t\t\t\t\t<div class=\"elementor-gallery-item__content\">\n\t\t\t\t\t\t\t\t\t\t\t\t\t\t<div class=\"elementor-gallery-item__title\">\n\t\t\t\t\t\t\t\t\t\t\t\t\t\t\t\t\t\tDr. Juan Alejandro Thomas Moreno\t\t\t\t\t\t\t\t<\/div>\n\t\t\t\t\t\t\t\t\t\t\t\t<\/div>\n\t\t\t\t\t\t\t\t\t<\/a>\n\t\t\t\t\t\t\t<a class=\"e-gallery-item elementor-gallery-item elementor-animated-content\" href=\"https:\/\/amefambc.com.mx\/2025\/wp-content\/uploads\/2025\/06\/wilfredo-carrazco.jpg\" data-elementor-open-lightbox=\"yes\" data-elementor-lightbox-slideshow=\"63d0984\" data-elementor-lightbox-title=\"wilfredo-carrazco\" data-e-action-hash=\"#elementor-action%3Aaction%3Dlightbox%26settings%3DeyJpZCI6MTg3MiwidXJsIjoiaHR0cHM6XC9cL2FtZWZhbWJjLmNvbS5teFwvMjAyNVwvd3AtY29udGVudFwvdXBsb2Fkc1wvMjAyNVwvMDZcL3dpbGZyZWRvLWNhcnJhemNvLmpwZyIsInNsaWRlc2hvdyI6IjYzZDA5ODQifQ%3D%3D\">\n\t\t\t\t\t<div class=\"e-gallery-image elementor-gallery-item__image\" data-thumbnail=\"https:\/\/amefambc.com.mx\/2025\/wp-content\/uploads\/2025\/06\/wilfredo-carrazco-191x300.jpg\" data-width=\"191\" data-height=\"300\" aria-label=\"\" role=\"img\" ><\/div>\n\t\t\t\t\t\t\t\t\t\t\t<div class=\"elementor-gallery-item__overlay\"><\/div>\n\t\t\t\t\t\t\t\t\t\t\t\t\t\t\t<div class=\"elementor-gallery-item__content\">\n\t\t\t\t\t\t\t\t\t\t\t\t\t\t<div class=\"elementor-gallery-item__title\">\n\t\t\t\t\t\t\t\t\t\t\t\t\t\t\t\t\t\tWilfredo Carrazco\t\t\t\t\t\t\t\t<\/div>\n\t\t\t\t\t\t\t\t\t\t\t\t<\/div>\n\t\t\t\t\t\t\t\t\t<\/a>\n\t\t\t\t\t\t\t<a class=\"e-gallery-item elementor-gallery-item elementor-animated-content\" href=\"https:\/\/amefambc.com.mx\/2025\/wp-content\/uploads\/2025\/06\/Antonio-Villanueva-Santillan.jpg\" data-elementor-open-lightbox=\"yes\" data-elementor-lightbox-slideshow=\"63d0984\" data-elementor-lightbox-title=\"Antonio-Villanueva-Santillan\" data-e-action-hash=\"#elementor-action%3Aaction%3Dlightbox%26settings%3DeyJpZCI6MTg3MSwidXJsIjoiaHR0cHM6XC9cL2FtZWZhbWJjLmNvbS5teFwvMjAyNVwvd3AtY29udGVudFwvdXBsb2Fkc1wvMjAyNVwvMDZcL0FudG9uaW8tVmlsbGFudWV2YS1TYW50aWxsYW4uanBnIiwic2xpZGVzaG93IjoiNjNkMDk4NCJ9\">\n\t\t\t\t\t<div class=\"e-gallery-image elementor-gallery-item__image\" data-thumbnail=\"https:\/\/amefambc.com.mx\/2025\/wp-content\/uploads\/2025\/06\/Antonio-Villanueva-Santillan-206x300.jpg\" data-width=\"206\" data-height=\"300\" aria-label=\"\" role=\"img\" ><\/div>\n\t\t\t\t\t\t\t\t\t\t\t<div class=\"elementor-gallery-item__overlay\"><\/div>\n\t\t\t\t\t\t\t\t\t\t\t\t\t\t\t<div class=\"elementor-gallery-item__content\">\n\t\t\t\t\t\t\t\t\t\t\t\t\t\t<div class=\"elementor-gallery-item__title\">\n\t\t\t\t\t\t\t\t\t\t\t\t\t\t\t\t\t\tAntonio Villanueva Santillan\t\t\t\t\t\t\t\t<\/div>\n\t\t\t\t\t\t\t\t\t\t\t\t<\/div>\n\t\t\t\t\t\t\t\t\t<\/a>\n\t\t\t\t\t\t\t<a class=\"e-gallery-item elementor-gallery-item elementor-animated-content\" href=\"https:\/\/amefambc.com.mx\/2025\/wp-content\/uploads\/2025\/06\/rolando-cardenaz-sanmartin.jpg\" data-elementor-open-lightbox=\"yes\" data-elementor-lightbox-slideshow=\"63d0984\" data-elementor-lightbox-title=\"rolando-cardenaz-sanmartin\" data-e-action-hash=\"#elementor-action%3Aaction%3Dlightbox%26settings%3DeyJpZCI6MTg3OSwidXJsIjoiaHR0cHM6XC9cL2FtZWZhbWJjLmNvbS5teFwvMjAyNVwvd3AtY29udGVudFwvdXBsb2Fkc1wvMjAyNVwvMDZcL3JvbGFuZG8tY2FyZGVuYXotc2FubWFydGluLmpwZyIsInNsaWRlc2hvdyI6IjYzZDA5ODQifQ%3D%3D\">\n\t\t\t\t\t<div class=\"e-gallery-image elementor-gallery-item__image\" data-thumbnail=\"https:\/\/amefambc.com.mx\/2025\/wp-content\/uploads\/2025\/06\/rolando-cardenaz-sanmartin-198x300.jpg\" data-width=\"198\" data-height=\"300\" aria-label=\"\" role=\"img\" ><\/div>\n\t\t\t\t\t\t\t\t\t\t\t<div class=\"elementor-gallery-item__overlay\"><\/div>\n\t\t\t\t\t\t\t\t\t\t\t\t\t\t\t<div class=\"elementor-gallery-item__content\">\n\t\t\t\t\t\t\t\t\t\t\t\t\t\t<div class=\"elementor-gallery-item__title\">\n\t\t\t\t\t\t\t\t\t\t\t\t\t\t\t\t\t\tRolando Cardenaz San Mart\u00edn\t\t\t\t\t\t\t\t<\/div>\n\t\t\t\t\t\t\t\t\t\t\t\t<\/div>\n\t\t\t\t\t\t\t\t\t<\/a>\n\t\t\t\t\t<\/div>\n\t\t\t\t\t<\/div>\n\t\t\t\t<\/div>\n\t\t\t\t\t<\/div>\n\t\t<\/div>\n\t\t\t\t\t<\/div>\n\t\t<\/section>\n\t\t\t\t<\/div>\n\t\t","protected":false},"excerpt":{"rendered":"<p>Integrantes de la junta directiva Dr. Rolando C\u00e1rdenas San Mart\u00edn Mart\u00ednez PRESIDENTE Dra. Patricia Elena Meza Luna VICEPRESIDENTE\u00a0 Dra. Carolina Cajero V\u00e1zquez TESORERA Dra. Celia Patricia Ordaz Miranda SECRETARIA Dra. [&hellip;]<\/p>\n","protected":false},"author":1,"featured_media":1495,"parent":0,"menu_order":0,"comment_status":"closed","ping_status":"closed","template":"","meta":{"footnotes":""},"class_list":["post-1808","page","type-page","status-publish","has-post-thumbnail","hentry"],"_links":{"self":[{"href":"https:\/\/amefambc.com.mx\/2025\/wp-json\/wp\/v2\/pages\/1808","targetHints":{"allow":["GET"]}}],"collection":[{"href":"https:\/\/amefambc.com.mx\/2025\/wp-json\/wp\/v2\/pages"}],"about":[{"href":"https:\/\/amefambc.com.mx\/2025\/wp-json\/wp\/v2\/types\/page"}],"author":[{"embeddable":true,"href":"https:\/\/amefambc.com.mx\/2025\/wp-json\/wp\/v2\/users\/1"}],"replies":[{"embeddable":true,"href":"https:\/\/amefambc.com.mx\/2025\/wp-json\/wp\/v2\/comments?post=1808"}],"version-history":[{"count":5,"href":"https:\/\/amefambc.com.mx\/2025\/wp-json\/wp\/v2\/pages\/1808\/revisions"}],"predecessor-version":[{"id":1882,"href":"https:\/\/amefambc.com.mx\/2025\/wp-json\/wp\/v2\/pages\/1808\/revisions\/1882"}],"wp:featuredmedia":[{"embeddable":true,"href":"https:\/\/amefambc.com.mx\/2025\/wp-json\/wp\/v2\/media\/1495"}],"wp:attachment":[{"href":"https:\/\/amefambc.com.mx\/2025\/wp-json\/wp\/v2\/media?parent=1808"}],"curies":[{"name":"wp","href":"https:\/\/api.w.org\/{rel}","templated":true}]}}